{"id":1677,"date":"2020-04-08T03:25:39","date_gmt":"2020-04-08T03:25:39","guid":{"rendered":"https:\/\/filmscoringlessons.com\/?page_id=1677"},"modified":"2022-07-28T06:52:39","modified_gmt":"2022-07-28T06:52:39","slug":"film-scoring-lessons","status":"publish","type":"page","link":"https:\/\/filmscoringlessons.com\/fr\/","title":{"rendered":"Cours de musique de film"},"content":{"rendered":"<p>[vc_row full_width=&#8221;stretch_row&#8221; el_id=&#8221;home&#8221;][vc_column]\n\t\t\t<section class=\"fullscreen image-bg overlay parallax hero-header\">\n\t\t\t    <div class=\"background-image-holder\">\n\t\t\t        <img width=\"1940\" height=\"1027\" src=\"https:\/\/filmscoringlessons.com\/wp-content\/uploads\/2020\/04\/websitebgrd.jpg\" class=\"background-image\" alt=\"\" loading=\"lazy\" srcset=\"https:\/\/filmscoringlessons.com\/wp-content\/uploads\/2020\/04\/websitebgrd.jpg 1940w, https:\/\/filmscoringlessons.com\/wp-content\/uploads\/2020\/04\/websitebgrd-600x318.jpg 600w, https:\/\/filmscoringlessons.com\/wp-content\/uploads\/2020\/04\/websitebgrd-300x159.jpg 300w, https:\/\/filmscoringlessons.com\/wp-content\/uploads\/2020\/04\/websitebgrd-1024x542.jpg 1024w, https:\/\/filmscoringlessons.com\/wp-content\/uploads\/2020\/04\/websitebgrd-768x407.jpg 768w, https:\/\/filmscoringlessons.com\/wp-content\/uploads\/2020\/04\/websitebgrd-1536x813.jpg 1536w, https:\/\/filmscoringlessons.com\/wp-content\/uploads\/2020\/04\/websitebgrd-1200x635.jpg 1200w\" sizes=\"(max-width: 1940px) 100vw, 1940px\" \/>\n\t\t\t    <\/div>\n\t\t\t    <div class=\"container v-align-transform\">\n\t\t\t        <div class=\"row\">\n\t\t\t            <div class=\"col-sm-12 text-center\">\n\t\t\t                <\/p>\n<h1 style=\"text-align: center; text-shadow: 3px 0px 10px #000000;\"><span style=\"font-family: Montserrat; font-weight: bold; font-style: normal; font-size: 56pt; color: #ffffff;\">Cours de musique de film<\/span><\/h1>\n<p class=\"p1\" style=\"text-align: center;\"><span style=\"color: #ffffff; text-shadow: 3px 0px 3px #000; font-family: Montserrat;\"><span style=\"font-size: 24px;\">Cours de composition priv\u00e9s adapt\u00e9s \u00e0 votre niveau et besoins.<br \/>\nD\u00e9veloppez vos comp\u00e9tences pour commencer une carri\u00e8re en musique de film.<\/span><\/span><\/p>\n\n\t\t\t            <\/div>\n\t\t\t        <\/div>\n\t\t\t    <\/div>\n\t\t\t    <div class=\"align-bottom text-center\">\n\t\t\t        <a class=\"btn btn-filled btn-lg mb32 mt-xs-40\" href=\"\"><\/a>\n\t\t\t    <\/div>\n\t\t\t<\/section>\n\t\t[\/vc_column][\/vc_row][vc_row full_width=&#8221;stretch_row&#8221; el_id=&#8221;About&#8221;][vc_column]\n\t\t\t<section class=\"image-square left\">\n\t\t\t    <div class=\"col-md-6 image\">\n\t\t\t        <div class=\"background-image-holder\">\n\t\t\t            <img width=\"1422\" height=\"800\" src=\"https:\/\/filmscoringlessons.com\/wp-content\/uploads\/2020\/04\/doc.jpg\" class=\"background-image\" alt=\"\" loading=\"lazy\" srcset=\"https:\/\/filmscoringlessons.com\/wp-content\/uploads\/2020\/04\/doc.jpg 1422w, https:\/\/filmscoringlessons.com\/wp-content\/uploads\/2020\/04\/doc-300x169.jpg 300w, https:\/\/filmscoringlessons.com\/wp-content\/uploads\/2020\/04\/doc-1024x576.jpg 1024w, https:\/\/filmscoringlessons.com\/wp-content\/uploads\/2020\/04\/doc-768x432.jpg 768w, https:\/\/filmscoringlessons.com\/wp-content\/uploads\/2020\/04\/doc-600x338.jpg 600w\" sizes=\"(max-width: 1422px) 100vw, 1422px\" \/>\n\t\t\t        <\/div>\n\t\t\t    <\/div>\n\t\t\t    <div class=\"col-md-6 col-md-offset-1 content\">\n\t\t\t        [vc_column_text]<\/p>\n<h2>\u00c0 propos des cours<\/h2>\n<p>Parmi les nombreux avantages aux cours priv\u00e9s, le plus important est le contenu adapt\u00e9 \u00e0 vos besoins et \u00e0 votre niveau. Ce dernier peut couvrir une panoplie de sujets dont:<\/p>\n<ul>\n<li>L&#8217;histoire de la musique au cin\u00e9ma<\/li>\n<li>Composition modale en musique de film<\/li>\n<li>Formation auditive et harmonie jazz<\/li>\n<li>Composer dans diff\u00e9rents styles (drame, com\u00e9die, etc.)<\/li>\n<li>Synchronisation et composition \u00e0 l&#8217;image<\/li>\n<li>Programmation et orchestration MIDI avanc\u00e9es<\/li>\n<li>Configuration de tempates<\/li>\n<li>Gestion des ressources informatiques<\/li>\n<li>Optimiser votre m\u00e9thode de travail<\/li>\n<li>Pr\u00e9parer une session de livraison<\/li>\n<li>Musique interactive pour jeux vid\u00e9o<\/li>\n<li>Conseils en gestion de carri\u00e8re<\/li>\n<\/ul>\n<p>[\/vc_column_text]\n\t\t\t    <\/div>\n\t\t\t<\/section>\n\t\t[\/vc_column][\/vc_row][vc_row foundry_parallax=&#8221;not-parallax&#8221; css=&#8221;.vc_custom_1586290456977{background-image: url(https:\/\/filmscoringlessons.com\/wp-content\/uploads\/2020\/04\/lessonbgrnd.jpg?id=1631) !important;background-position: 0 0 !important;background-repeat: no-repeat !important;}&#8221; el_id=&#8221;requirements&#8221;][vc_column][vc_empty_space][vc_column_text css=&#8221;.vc_custom_1586317309795{margin-bottom: 0px !important;border-bottom-width: 0px !important;padding-bottom: 0px !important;}&#8221;]<\/p>\n<h2 style=\"text-align: center;\">EST-CE QUE CES COURS SONT POUR MOI?<\/h2>\n<p>[\/vc_column_text][vc_column_text]<\/p>\n<p style=\"text-align: center;\">Pour r\u00e9ussir une carri\u00e8re en musique \u00e0 l&#8217;image, le compositeur doit avoir des aptitudes musicales et technologiques.<br \/>\nAfin de b\u00e9n\u00e9ficier au maximum de ces cours, vous \u00eates fortement encourag\u00e9s \u00e0 avoir le suivant:[\/vc_column_text][vc_row_inner][vc_column_inner width=&#8221;1\/2&#8243;][vc_column_text]<\/p>\n<h3>Besoins techniques<\/h3>\n<ul>\n<li>Ordinateur Mac ou Windows avec Cubase Pro ou Nuendo<\/li>\n<li>Contr\u00f4leur MIDI<\/li>\n<li>Instruments virtuels (CineSamples, Orchestral Tools, Spitfire ou ProjectSAM)<\/li>\n<li>Connexion internet rapide et stable<\/li>\n<li>Webcam et microphone<\/li>\n<\/ul>\n<p>[\/vc_column_text][\/vc_column_inner][vc_column_inner width=&#8221;1\/2&#8243;][vc_column_text]<\/p>\n<h3>Pr\u00e9alables musicaux<\/h3>\n<ul>\n<li>Aisance au clavier<\/li>\n<li>Formation auditive de base (reconnaissance des accords, modes, timbres)<\/li>\n<li>Comprendre la base des accords jazz<\/li>\n<li>\u00catre familier avec le r\u00e9pertoire de musique de film\/jeu et les compositeurs<\/li>\n<li>Comprendre le rapport entre la musique et l&#8217;image<\/li>\n<\/ul>\n<p>[\/vc_column_text][\/vc_column_inner][\/vc_row_inner][\/vc_column][\/vc_row][vc_row css=&#8221;.vc_custom_1586250222379{background-image: url(http:\/\/foundry.tommusdemos.wpengine.com\/wp-content\/uploads\/2015\/07\/home7.jpg?id=388) !important;}&#8221; el_id=&#8221;format&#8221;][vc_column][vc_column_text]<\/p>\n<h2 class=\"mb16\" style=\"text-align: center;\">FORMAT DES COURS<\/h2>\n<p style=\"text-align: center;\">Les cours sont offerts pour une personne ou en petits groupes* allant jusqu&#8217;\u00e0 3 personnes maximum afin de b\u00e9n\u00e9ficier au maximum de la mati\u00e8re et l&#8217;adapter \u00e0 vos besoins. Les cours sont donn\u00e9s en fran\u00e7ais ou en anglais.<\/p>\n<p>[\/vc_column_text][vc_row_inner][vc_column_inner width=&#8221;1\/3&#8243;]\n\t\t\t<div class=\"feature feature-1 boxed\">\n\t\t\t\t\n\t\t\t    <div class=\"text-center\">\n\t\t\t        <i class=\"none icon\"><\/i>\n\t\t\t        <h5 class=\"uppercase\">1 personne<\/h5>\n\t\t\t    <\/div>\n<p style=\"text-align: center;\">Cours pour 1 \u00e9tudiant<\/p>\n<h2 style=\"text-align: center;\">100$\/heure<\/h2>\n<p style=\"text-align: center;\">Cours particuliers en fonction de vos besoins<\/p>\n<p>\n\n\t\t\t    \n\t\t\t<\/div>\n\t\t[\/vc_column_inner][vc_column_inner width=&#8221;1\/3&#8243;]\n\t\t\t<div class=\"feature feature-1 boxed\">\n\t\t\t\t\n\t\t\t    <div class=\"text-center\">\n\t\t\t        <i class=\"none icon\"><\/i>\n\t\t\t        <h5 class=\"uppercase\">2 personnes<\/h5>\n\t\t\t    <\/div>\n<p style=\"text-align: center;\">Groupe de 2 \u00e9tudiants<\/p>\n<h2 style=\"text-align: center;\">170$\/heure<\/h2>\n<p style=\"text-align: center;\">(85$\/heure par personne)<\/p>\n<p>\n\n\t\t\t    \n\t\t\t<\/div>\n\t\t[\/vc_column_inner][vc_column_inner width=&#8221;1\/3&#8243;]\n\t\t\t<div class=\"feature feature-1 boxed\">\n\t\t\t\t\n\t\t\t    <div class=\"text-center\">\n\t\t\t        <i class=\"none icon\"><\/i>\n\t\t\t        <h5 class=\"uppercase\">3 personnes<\/h5>\n\t\t\t    <\/div>\n<p style=\"text-align: center;\">Groupe de 3 \u00e9tudiants<\/p>\n<h2 style=\"text-align: center;\">210$\/heure<\/h2>\n<p style=\"text-align: center;\">(70$\/heure par personne)<\/p>\n<p>\n\n\t\t\t    \n\t\t\t<\/div>\n\t\t[\/vc_column_inner][\/vc_row_inner][vc_column_text]<\/p>\n<p style=\"text-align: center;\"><em>* Pour les cours de groupes, vous \u00eates responsables de former votre propre groupe<\/em><\/p>\n<p>[\/vc_column_text][\/vc_column][\/vc_row][vc_row foundry_parallax=&#8221;not-parallax&#8221; css=&#8221;.vc_custom_1586303568808{background-image: url(https:\/\/filmscoringlessons.com\/wp-content\/uploads\/2020\/04\/mh_blackbg.jpg?id=1496) !important;background-position: 0 0 !important;background-repeat: no-repeat !important;}&#8221;][vc_column][vc_row_inner css=&#8221;.vc_custom_1586303513247{margin-top: 0px !important;border-top-width: 0px !important;padding-top: 0px !important;}&#8221;][vc_column_inner width=&#8221;2\/3&#8243; css=&#8221;.vc_custom_1586303605607{margin-bottom: 0px !important;border-bottom-width: 0px !important;padding-bottom: 0px !important;}&#8221;][vc_column_text css=&#8221;.vc_custom_1586367189234{margin-bottom: 0px !important;border-bottom-width: 0px !important;padding-bottom: 0px !important;}&#8221;]<\/p>\n<h2 id=\"aboutme\">Mon Parcours<\/h2>\n<p>Mon nom est Medhat Hanbali, je suis compositeur de musique de film bas\u00e9 \u00e0 Montr\u00e9al. J&#8217;ai commenc\u00e9 ma formation d\u00e8s l&#8217;\u00e2ge de 4 ans en piano classique suivi d&#8217;\u00e9tudes en composition et arrangement pop et jazz (C\u00e9gep Marie-Victorin), Musiques num\u00e9riques (Universit\u00e9 de Montr\u00e9al), Musique de film (Berklee Online) et je compl\u00e8te actuellement une ma\u00eetrise en musique de film (Berklee Online).<\/p>\n<p>J&#8217;ai eu l&#8217;opportunit\u00e9 de travailler sur diverses productions \u00e0 l&#8217;international comme compositeurs, ainsi que dans divers m\u00e9diums (Film, Jeux, Chanson pop, Th\u00e9\u00e2tre, et t\u00e9l\u00e9vision). Ma musique a \u00e9t\u00e9 dans des productions diffus\u00e9es sur les ondes de BBC, CBC, France 5, Teletoon et le Plan\u00e9tarium de Montr\u00e9al.<\/p>\n<p>\u00c0 travers les ann\u00e9es, j&#8217;ai eu la chance d&#8217;enseigner \u00e0 plusieurs \u00e9tudiants la composition \u00e0 l&#8217;image (film, t\u00e9l\u00e9, jeu vid\u00e9o) et la production musicale tant au priv\u00e9 que dans des institutions \u00e0 Montr\u00e9al telles que Musitechnic et l&#8217;ISTDS en fran\u00e7ais et en anglais. Aujourd&#8217;hui, j&#8217;am\u00e8ne mon expertise en ligne.[\/vc_column_text][vc_column_text]<!-- ReelCrafter reel: FilmScoringLessons Web Embed --><br \/>\n<iframe src=\"https:\/\/play.reelcrafter.com\/embed\/19d42def-0a4a-4f1c-9b07-331ffdd8dd41\" width=\"100%\" height=\"470\" frameborder=\"no\" scrolling=\"no\"><br \/>\n<\/iframe>[\/vc_column_text][\/vc_column_inner][vc_column_inner width=&#8221;1\/3&#8243;][vc_single_image image=&#8221;1721&#8243; img_size=&#8221;full&#8221;][vc_empty_space][vc_column_text]<\/p>\n<h3>Quelques cr\u00e9dits:<\/h3>\n<p>&#8211; The Secret Phases of the Moon (Montreal Planetarium)<br \/>\n&#8211; Le Monde Selon Amazon, France 5 (France)<br \/>\n&#8211; Inside Lehman Brothers, BBC Storyville (UK)<br \/>\n&#8211; Mouvement Deluxe (TV series), Teletoon (Canada)<br \/>\n&#8211; Gala des Olivier, ICI Radio-Canada (Canada)<br \/>\n&#8211; Queen Rising (USA)<br \/>\n&#8211; Bobby Bazini &#8211; Summer is Gone Tour (Strings Arranger)<br \/>\n&#8211; Genevieve Leclerc &#8211; Neige (Arranger\/Producer)<br \/>\n&#8211; Genevieve Leclerc &#8211; Duos de Gen (Orchestrator)[\/vc_column_text][\/vc_column_inner][\/vc_row_inner][\/vc_column][\/vc_row][vc_row css=&#8221;.vc_custom_1586303679130{background-color: #ffffff !important;}&#8221;][vc_column][vc_column_text]<\/p>\n<h2 id=\"contact\">Contact<\/h2>\n<div class=\"frm_forms  with_frm_style frm_style_formidable-style\" id=\"frm_form_2_container\" >\n<form enctype=\"multipart\/form-data\" method=\"post\" class=\"frm-show-form \" id=\"form_contact-form16b764fc8a\"  >\n<div class=\"frm_form_fields \">\n<fieldset>\n<legend class=\"frm_screen_reader\">Contact<\/legend>\r\n\r\n<div class=\"frm_fields_container\">\n<input type=\"hidden\" name=\"frm_action\" value=\"create\" \/>\n<input type=\"hidden\" name=\"form_id\" value=\"2\" \/>\n<input type=\"hidden\" name=\"frm_hide_fields_2\" id=\"frm_hide_fields_2\" value=\"\" \/>\n<input type=\"hidden\" name=\"form_key\" value=\"contact-form16b764fc8a\" \/>\n<input type=\"hidden\" name=\"item_meta[0]\" value=\"\" \/>\n<input type=\"hidden\" id=\"frm_submit_entry_2\" name=\"frm_submit_entry_2\" value=\"cb7ba6159f\" \/><input type=\"hidden\" name=\"_wp_http_referer\" value=\"\/fr\/wp-json\/wp\/v2\/pages\/1677\" \/><div id=\"frm_field_7_container\" class=\"frm_form_field form-field  frm_required_field frm_top_container frm_first frm_half\">\r\n    <label for=\"field_qh4icy18b3f6f8fa\" id=\"field_qh4icy18b3f6f8fa_label\" class=\"frm_primary_label\">Pr\u00e9nom\r\n        <span class=\"frm_required\">*<\/span>\r\n    <\/label>\r\n    <input type=\"text\" id=\"field_qh4icy18b3f6f8fa\" name=\"item_meta[7]\" value=\"\"  data-reqmsg=\"Ce champs est requis.\" aria-required=\"true\" data-invmsg=\"Name is invalid\" aria-invalid=\"false\"  \/>\r\n    \r\n    \r\n<\/div>\n<div id=\"frm_field_8_container\" class=\"frm_form_field form-field  frm_required_field frm_top_container frm_half\">\r\n    <label for=\"field_ocfup11513c8406e\" id=\"field_ocfup11513c8406e_label\" class=\"frm_primary_label\">Nom\r\n        <span class=\"frm_required\">*<\/span>\r\n    <\/label>\r\n    <input type=\"text\" id=\"field_ocfup11513c8406e\" name=\"item_meta[8]\" value=\"\"  data-reqmsg=\"Ce champs est requis.\" aria-required=\"true\" data-invmsg=\"Last is invalid\" aria-invalid=\"false\"  \/>\r\n    \r\n    \r\n<\/div>\n<div id=\"frm_field_9_container\" class=\"frm_form_field form-field  frm_required_field frm_top_container frm_full\">\r\n    <label for=\"field_29yf4dc7ffba5d92\" id=\"field_29yf4dc7ffba5d92_label\" class=\"frm_primary_label\">Courriel\r\n        <span class=\"frm_required\">*<\/span>\r\n    <\/label>\r\n    <input type=\"email\" id=\"field_29yf4dc7ffba5d92\" name=\"item_meta[9]\" value=\"\"  data-reqmsg=\"Ce champs est requis.\" aria-required=\"true\" data-invmsg=\"Veuillez entrer une addresse valide.\" aria-invalid=\"false\"  \/>\r\n    \r\n    \r\n<\/div>\n<div id=\"frm_field_10_container\" class=\"frm_form_field form-field  frm_required_field frm_top_container frm_full\">\r\n    <label for=\"field_9jv0r13e50112331\" id=\"field_9jv0r13e50112331_label\" class=\"frm_primary_label\">Message\r\n        <span class=\"frm_required\">*<\/span>\r\n    <\/label>\r\n    <textarea name=\"item_meta[10]\" id=\"field_9jv0r13e50112331\" rows=\"5\"  data-reqmsg=\"Ce champs est requis.\" aria-required=\"true\" data-invmsg=\"Message est non valide\" aria-invalid=\"false\"  ><\/textarea>\r\n    \r\n    \r\n<\/div>\n<div id=\"frm_field_11_container\" class=\"frm_form_field form-field  frm_none_container\">\r\n    <label for=\"g-recaptcha-response\" id=\"field_tixzyea0de22201_label\" class=\"frm_primary_label\">Code de s\u00e9curit\u00e9 reCAPTCHA\r\n        <span class=\"frm_required\"><\/span>\r\n    <\/label>\r\n    <div id=\"field_tixzyea0de22201\" class=\"frm-g-recaptcha\" data-sitekey=\"6LecrecUAAAAAPljcbImspEx3eOlSmXXlrWh6P7O\" data-size=\"normal\" data-theme=\"light\"><\/div>\r\n    \r\n    \r\n<\/div>\n<input type=\"hidden\" name=\"item_key\" value=\"\" \/>\n\t<div class=\"frm_verify\" >\n\t<label for=\"frm_email_2\">\n\t\tSi vous \u00eates un humain, ne remplissez pas ce champ.\t<\/label>\n\t<input type=\"email\" class=\"frm_verify\" id=\"frm_email_2\" name=\"frm_verify\" value=\"\"  \/>\n<\/div>\n\t\t<div class=\"frm_submit\">\r\n\r\n<button class=\"frm_button_submit\" type=\"submit\"  >Envoyer<\/button>\r\n\r\n<\/div><\/div>\n<\/fieldset>\n<\/div>\n<\/form>\n<\/div>\n[\/vc_column_text][\/vc_column][\/vc_row]<\/p>\n","protected":false},"excerpt":{"rendered":"<p>[vc_row full_width=&#8221;stretch_row&#8221; el_id=&#8221;home&#8221;][vc_column][\/vc_column][\/vc_row][vc_row full_width=&#8221;stretch_row&#8221; el_id=&#8221;About&#8221;][vc_column][\/vc_column][\/vc_row][vc_row foundry_parallax=&#8221;not-parallax&#8221; css=&#8221;.vc_custom_1586290456977{background-image: url(https:\/\/filmscoringlessons.com\/wp-content\/uploads\/2020\/04\/lessonbgrnd.jpg?id=1631) !important;background-position: 0 0 !important;background-repeat: no-repeat !important;}&#8221; el_id=&#8221;requirements&#8221;][vc_column][vc_empty_space][vc_column_text css=&#8221;.vc_custom_1586317309795{margin-bottom: 0px !important;border-bottom-width: 0px !important;padding-bottom: 0px&#8230;<\/p>\n","protected":false},"author":1,"featured_media":0,"parent":0,"menu_order":0,"comment_status":"closed","ping_status":"closed","template":"","meta":[],"yoast_head":"<!-- This site is optimized with the Yoast SEO plugin v15.9 - https:\/\/yoast.com\/wordpress\/plugins\/seo\/ -->\n<title>Cours de musique de film - Private Film Scoring Lessons<\/title>\n<meta name=\"robots\" content=\"index, follow, max-snippet:-1, max-image-preview:large, max-video-preview:-1\" \/>\n<link rel=\"canonical\" href=\"https:\/\/filmscoringlessons.com\/fr\/\" \/>\n<meta property=\"og:locale\" content=\"fr_FR\" \/>\n<meta property=\"og:type\" content=\"article\" \/>\n<meta property=\"og:title\" content=\"Cours de musique de film - Private Film Scoring Lessons\" \/>\n<meta property=\"og:description\" content=\"[vc_row full_width=&#8221;stretch_row&#8221; el_id=&#8221;home&#8221;][vc_column][\/vc_column][\/vc_row][vc_row full_width=&#8221;stretch_row&#8221; el_id=&#8221;About&#8221;][vc_column][\/vc_column][\/vc_row][vc_row foundry_parallax=&#8221;not-parallax&#8221; css=&#8221;.vc_custom_1586290456977{background-image: url(https:\/\/filmscoringlessons.com\/wp-content\/uploads\/2020\/04\/lessonbgrnd.jpg?id=1631) !important;background-position: 0 0 !important;background-repeat: no-repeat !important;}&#8221; el_id=&#8221;requirements&#8221;][vc_column][vc_empty_space][vc_column_text css=&#8221;.vc_custom_1586317309795{margin-bottom: 0px !important;border-bottom-width: 0px !important;padding-bottom: 0px...\" \/>\n<meta property=\"og:url\" content=\"https:\/\/filmscoringlessons.com\/fr\/\" \/>\n<meta property=\"og:site_name\" content=\"Private Film Scoring Lessons\" \/>\n<meta property=\"article:modified_time\" content=\"2022-07-28T06:52:39+00:00\" \/>\n<meta property=\"og:image\" content=\"https:\/\/filmscoringlessons.com\/wp-content\/uploads\/2020\/04\/fsl-facebook.jpg\" \/>\n\t<meta property=\"og:image:width\" content=\"1200\" \/>\n\t<meta property=\"og:image:height\" content=\"630\" \/>\n<meta name=\"twitter:card\" content=\"summary_large_image\" \/>\n<meta name=\"twitter:label1\" content=\"Dur\u00e9e de lecture est.\">\n\t<meta name=\"twitter:data1\" content=\"3 minutes\">\n<script type=\"application\/ld+json\" class=\"yoast-schema-graph\">{\"@context\":\"https:\/\/schema.org\",\"@graph\":[{\"@type\":\"WebSite\",\"@id\":\"https:\/\/filmscoringlessons.com\/#website\",\"url\":\"https:\/\/filmscoringlessons.com\/\",\"name\":\"Film Scoring Lessons\",\"description\":\"Private lessons for composers\",\"potentialAction\":[{\"@type\":\"SearchAction\",\"target\":\"https:\/\/filmscoringlessons.com\/?s={search_term_string}\",\"query-input\":\"required name=search_term_string\"}],\"inLanguage\":\"fr-FR\"},{\"@type\":\"WebPage\",\"@id\":\"https:\/\/filmscoringlessons.com\/fr\/#webpage\",\"url\":\"https:\/\/filmscoringlessons.com\/fr\/\",\"name\":\"Cours de musique de film - Private Film Scoring Lessons\",\"isPartOf\":{\"@id\":\"https:\/\/filmscoringlessons.com\/#website\"},\"datePublished\":\"2020-04-08T03:25:39+00:00\",\"dateModified\":\"2022-07-28T06:52:39+00:00\",\"breadcrumb\":{\"@id\":\"https:\/\/filmscoringlessons.com\/fr\/#breadcrumb\"},\"inLanguage\":\"fr-FR\",\"potentialAction\":[{\"@type\":\"ReadAction\",\"target\":[\"https:\/\/filmscoringlessons.com\/fr\/\"]}]},{\"@type\":\"BreadcrumbList\",\"@id\":\"https:\/\/filmscoringlessons.com\/fr\/#breadcrumb\",\"itemListElement\":[{\"@type\":\"ListItem\",\"position\":1,\"item\":{\"@type\":\"WebPage\",\"@id\":\"https:\/\/filmscoringlessons.com\/fr\/\",\"url\":\"https:\/\/filmscoringlessons.com\/fr\/\",\"name\":\"Home\"}},{\"@type\":\"ListItem\",\"position\":2,\"item\":{\"@type\":\"WebPage\",\"@id\":\"https:\/\/filmscoringlessons.com\/fr\/\",\"url\":\"https:\/\/filmscoringlessons.com\/fr\/\",\"name\":\"Cours de musique de film\"}}]}]}<\/script>\n<!-- \/ Yoast SEO plugin. -->","_links":{"self":[{"href":"https:\/\/filmscoringlessons.com\/fr\/wp-json\/wp\/v2\/pages\/1677"}],"collection":[{"href":"https:\/\/filmscoringlessons.com\/fr\/wp-json\/wp\/v2\/pages"}],"about":[{"href":"https:\/\/filmscoringlessons.com\/fr\/wp-json\/wp\/v2\/types\/page"}],"author":[{"embeddable":true,"href":"https:\/\/filmscoringlessons.com\/fr\/wp-json\/wp\/v2\/users\/1"}],"replies":[{"embeddable":true,"href":"https:\/\/filmscoringlessons.com\/fr\/wp-json\/wp\/v2\/comments?post=1677"}],"version-history":[{"count":13,"href":"https:\/\/filmscoringlessons.com\/fr\/wp-json\/wp\/v2\/pages\/1677\/revisions"}],"predecessor-version":[{"id":1735,"href":"https:\/\/filmscoringlessons.com\/fr\/wp-json\/wp\/v2\/pages\/1677\/revisions\/1735"}],"wp:attachment":[{"href":"https:\/\/filmscoringlessons.com\/fr\/wp-json\/wp\/v2\/media?parent=1677"}],"curies":[{"name":"wp","href":"https:\/\/api.w.org\/{rel}","templated":true}]}}